{"id":563,"date":"2024-08-07T19:35:39","date_gmt":"2024-08-07T17:35:39","guid":{"rendered":"https:\/\/goodhandsprojects.org\/?page_id=563"},"modified":"2025-10-07T19:10:25","modified_gmt":"2025-10-07T17:10:25","slug":"projekte","status":"publish","type":"page","link":"https:\/\/goodhandsprojects.org\/en\/projekte\/","title":{"rendered":"Projects"},"content":{"rendered":"<h4 class=\"wp-block-heading has-text-align-left\">Current Projects:<\/h4>\n\n\n<div class=\"root-eb-post-carousel-15gwf wp-block-essential-blocks-post-carousel\">\n    <div class=\"eb-parent-wrapper eb-parent-eb-post-carousel-15gwf\">\n        <div\n            class=\"eb-post-carousel-15gwf style-3  slick-arrows equal-height dot-style-1 eb-post-carousel-wrapper\"\n            data-id=\"eb-post-carousel-15gwf\"\n            data-querydata=\"a:14:{s:6:&quot;source&quot;;s:4:&quot;post&quot;;s:11:&quot;sourceIndex&quot;;i:0;s:9:&quot;rest_base&quot;;s:5:&quot;posts&quot;;s:14:&quot;rest_namespace&quot;;s:5:&quot;wp\/v2&quot;;s:6:&quot;author&quot;;s:0:&quot;&quot;;s:10:&quot;taxonomies&quot;;a:1:{s:8:&quot;category&quot;;a:5:{s:4:&quot;name&quot;;s:10:&quot;Kategorien&quot;;s:9:&quot;rest_base&quot;;s:10:&quot;categories&quot;;s:14:&quot;rest_namespace&quot;;s:5:&quot;wp\/v2&quot;;s:4:&quot;slug&quot;;s:8:&quot;category&quot;;s:5:&quot;value&quot;;s:35:&quot;[{&quot;value&quot;:8,&quot;label&quot;:&quot;Fundraising&quot;}]&quot;;}}s:8:&quot;per_page&quot;;s:1:&quot;6&quot;;s:6:&quot;offset&quot;;s:1:&quot;0&quot;;s:7:&quot;orderby&quot;;s:4:&quot;date&quot;;s:5:&quot;order&quot;;s:4:&quot;desc&quot;;s:7:&quot;include&quot;;s:0:&quot;&quot;;s:7:&quot;exclude&quot;;s:0:&quot;&quot;;s:15:&quot;exclude_current&quot;;b:0;s:26:&quot;exclude_password_protected&quot;;b:0;}\"\n            data-slidersettings=\"{&quot;arrows&quot;:true,&quot;dots&quot;:true,&quot;autoplaySpeed&quot;:3000,&quot;speed&quot;:500,&quot;adaptiveHeight&quot;:true,&quot;autoplay&quot;:true,&quot;infinite&quot;:true,&quot;pauseOnHover&quot;:true,&quot;slideToShowRange&quot;:1,&quot;leftArrowIcon&quot;:&quot;fas fa-chevron-circle-left&quot;,&quot;rightArrowIcon&quot;:&quot;fas fa-chevron-circle-right&quot;,&quot;addIcon&quot;:false,&quot;TABslideToShowRange&quot;:2,&quot;MOBslideToShowRange&quot;:1}\"\n            data-attributes=\"{&quot;preset&quot;:&quot;style-3&quot;,&quot;showThumbnail&quot;:true,&quot;showTitle&quot;:true,&quot;titleLength&quot;:&quot;10&quot;,&quot;titleTag&quot;:&quot;h2&quot;,&quot;showContent&quot;:true,&quot;contentLength&quot;:26,&quot;expansionIndicator&quot;:&quot;...&quot;,&quot;showReadMore&quot;:true,&quot;readmoreText&quot;:&quot;Read More&quot;,&quot;showMeta&quot;:false,&quot;headerMeta&quot;:&quot;[{\\&quot;value\\&quot;:\\&quot;date\\&quot;,\\&quot;label\\&quot;:\\&quot;Published Date\\&quot;}]&quot;,&quot;footerMeta&quot;:&quot;[]&quot;,&quot;authorPrefix&quot;:&quot;by&quot;,&quot;datePrefix&quot;:&quot;on&quot;,&quot;showBlockContent&quot;:true,&quot;leftArrowIcon&quot;:&quot;fas fa-chevron-circle-left&quot;,&quot;rightArrowIcon&quot;:&quot;fas fa-chevron-circle-right&quot;}\">\n\n            <div class=\"eb-post-carousel init-eb-post-carousel-15gwf\" data-id=\"eb-post-carousel-15gwf\">\n                <article class=\"ebpg-carousel-post ebpg-post-carousel-column\" data-id=\"851\"><div class=\"ebpg-carousel-post-holder\"><div class=\"ebpg-entry-media\">\n                <div class=\"ebpg-entry-thumbnail\">\n                    <a class=\"ebpg-post-link-wrapper eb-sr-only\" href=\"https:\/\/goodhandsprojects.org\/en\/laecheln-schenken-spende-fuer-neue-projekte-2026\/\">Creating Smiles \u2013 Our 2026 Projects!<\/a>\n                    <img fetchpriority=\"high\" decoding=\"async\" width=\"1080\" height=\"810\" src=\"https:\/\/goodhandsprojects.org\/wp-content\/uploads\/2024\/12\/359d0b1d-6bc8-4b7f-9cff-eee37a492282.jpg\" class=\"attachment- size- wp-post-image\" alt=\"\" \/>\n                <\/div>\n            <\/div><div class=\"ebpg-entry-wrapper\"><header class=\"ebpg-entry-header\">\n            <h2 class=\"ebpg-entry-title\">\n                <a class=\"ebpg-carousel-post-link\" href=\"https:\/\/goodhandsprojects.org\/en\/laecheln-schenken-spende-fuer-neue-projekte-2026\/\" title=\"L\u00e4cheln schenken - Neue Projekte 2026  !\">Creating Smiles \u2013 Our 2026 Projects!<\/a>\n            <\/h2>\n        <\/header><div class=\"ebpg-entry-content\"><div class=\"ebpg-carousel-post-excerpt\">\n            <p>\u201eL\u00e4cheln schenken\u201c \u2013  Hilfe, die ankommt\n\n\n\n\n\n\n\n\n\n\n\n\n\n\n\nIm Januar 2026 werden wir erneut nach Uganda zur\u00fcckkehren, um auf der Ssese Insel Kalangala Hilfsaktionen durchzuf\u00fchren. Wir planen erneut&#8230;<\/p>\n        <\/div><div class=\"ebpg-readmore-btn\">\n            <a href=\"https:\/\/goodhandsprojects.org\/en\/laecheln-schenken-spende-fuer-neue-projekte-2026\/\"> Read More <\/a>\n        <\/div><\/div><\/div><\/div><\/article>            <\/div>\n        <\/div>\n    <\/div>\n<\/div>\n\n\n\n<hr class=\"wp-block-separator has-alpha-channel-opacity is-style-wide\"\/>\n\n\n\n<h4 class=\"wp-block-heading has-text-align-left\">Completed Projects:<\/h4>\n\n\n<div class=\"root-eb-post-grid-pb9bu wp-block-essential-blocks-post-grid\">\n    <div class=\"eb-parent-wrapper eb-parent-eb-post-grid-pb9bu\">\n        <div class=\"eb-post-grid-pb9bu style-2  eb-post-grid-wrapper\"\n            data-id=\"eb-post-grid-pb9bu\"\n            data-querydata=\"{&quot;source&quot;:&quot;post&quot;,&quot;sourceIndex&quot;:0,&quot;rest_base&quot;:&quot;posts&quot;,&quot;rest_namespace&quot;:&quot;wp\\\/v2&quot;,&quot;author&quot;:&quot;&quot;,&quot;taxonomies&quot;:{&quot;category&quot;:{&quot;name&quot;:&quot;Kategorien&quot;,&quot;rest_base&quot;:&quot;categories&quot;,&quot;rest_namespace&quot;:&quot;wp\\\/v2&quot;,&quot;slug&quot;:&quot;category&quot;,&quot;value&quot;:&quot;[{\\&quot;value\\&quot;:6,\\&quot;label\\&quot;:\\&quot;Dental Outreaches\\&quot;},{\\&quot;value\\&quot;:5,\\&quot;label\\&quot;:\\&quot;Projekte\\&quot;}]&quot;}},&quot;per_page&quot;:&quot;96&quot;,&quot;offset&quot;:&quot;0&quot;,&quot;orderby&quot;:&quot;date&quot;,&quot;order&quot;:&quot;desc&quot;,&quot;include&quot;:&quot;&quot;,&quot;exclude&quot;:&quot;&quot;,&quot;exclude_current&quot;:false,&quot;exclude_password_protected&quot;:false}\"\n            data-attributes=\"{&quot;thumbnailSize&quot;:&quot;&quot;,&quot;loadMoreOptions&quot;:{&quot;enableMorePosts&quot;:false,&quot;loadMoreType&quot;:&quot;1&quot;,&quot;loadMoreButtonTxt&quot;:&quot;Load More&quot;,&quot;alignment&quot;:&quot;center&quot;,&quot;prevTxt&quot;:&quot;&lt;&quot;,&quot;nextTxt&quot;:&quot;&gt;&quot;,&quot;totalPosts&quot;:11},&quot;showSearch&quot;:false,&quot;showTaxonomyFilter&quot;:false,&quot;enableAjaxSearch&quot;:false,&quot;addIcon&quot;:false,&quot;iconPosition&quot;:&quot;left&quot;,&quot;icon&quot;:&quot;fas fa-chevron-right&quot;,&quot;preset&quot;:&quot;style-2&quot;,&quot;defaultFilter&quot;:&quot;all&quot;,&quot;version&quot;:&quot;v2&quot;,&quot;showBlockContent&quot;:true,&quot;showThumbnail&quot;:true,&quot;showTitle&quot;:true,&quot;titleLength&quot;:&quot;&quot;,&quot;titleTag&quot;:&quot;h2&quot;,&quot;showContent&quot;:true,&quot;contentLength&quot;:20,&quot;expansionIndicator&quot;:&quot;...&quot;,&quot;showReadMore&quot;:true,&quot;readmoreText&quot;:&quot;Read More&quot;,&quot;showMeta&quot;:false,&quot;headerMeta&quot;:&quot;[{\\&quot;value\\&quot;:\\&quot;date\\&quot;,\\&quot;label\\&quot;:\\&quot;Published Date\\&quot;}]&quot;,&quot;footerMeta&quot;:&quot;[{\\&quot;value\\&quot;:\\&quot;avatar\\&quot;,\\&quot;label\\&quot;:\\&quot;Author Avatar\\&quot;},{\\&quot;value\\&quot;:\\&quot;author\\&quot;,\\&quot;label\\&quot;:\\&quot;Author Name\\&quot;}]&quot;,&quot;authorPrefix&quot;:&quot;by&quot;,&quot;datePrefix&quot;:&quot;on&quot;}\">\n\n            \n\n            <div class=\"eb-post-grid-posts-wrapper\"><article class=\"ebpg-grid-post ebpg-post-grid-column\" data-id=\"977\"><div class=\"ebpg-grid-post-holder\"><div class=\"ebpg-entry-wrapper\"><div class=\"ebpg-entry-media\">\n                <div class=\"ebpg-entry-thumbnail\">\n                    <a class=\"ebpg-post-link-wrapper eb-sr-only\" href=\"https:\/\/goodhandsprojects.org\/en\/betten-fuers-waisenhaus-mityana-februar-2025\/\">Betten f\u00fcrs Waisenhaus Mityana \u2013 Februar 2025<\/a>\n                    <img decoding=\"async\" width=\"2560\" height=\"1920\" src=\"https:\/\/goodhandsprojects.org\/wp-content\/uploads\/2025\/10\/IMG_4705-scaled.jpg\" class=\"attachment- size- wp-post-image\" alt=\"\" \/>\n                <\/div>\n            <\/div><header class=\"ebpg-entry-header\">\n            <h2 class=\"ebpg-entry-title\">\n                <a class=\"ebpg-grid-post-link\" href=\"https:\/\/goodhandsprojects.org\/en\/betten-fuers-waisenhaus-mityana-februar-2025\/\" title=\"Betten f\u00fcrs Waisenhaus Mityana \u2013 Februar 2025\">Betten f\u00fcrs Waisenhaus Mityana \u2013 Februar 2025<\/a>\n            <\/h2>\n        <\/header><div class=\"ebpg-entry-content\"><div class=\"ebpg-grid-post-excerpt\">\n            <p>Dank der gro\u00dfz\u00fcgigen Unterst\u00fctzung unserer Spender konnten wir Betten, Matratzen, Zudecken, Essen und Schulsachen f\u00fcr die Waisenkinder in Mityana kaufen&#8230;.<\/p>\n        <\/div><div class=\"ebpg-readmore-btn\">\n            <a href=\"https:\/\/goodhandsprojects.org\/en\/betten-fuers-waisenhaus-mityana-februar-2025\/\"> Read More <\/a>\n        <\/div><\/div><\/div><\/div><\/article><article class=\"ebpg-grid-post ebpg-post-grid-column\" data-id=\"947\"><div class=\"ebpg-grid-post-holder\"><div class=\"ebpg-entry-wrapper\"><div class=\"ebpg-entry-media\">\n                <div class=\"ebpg-entry-thumbnail\">\n                    <a class=\"ebpg-post-link-wrapper eb-sr-only\" href=\"https:\/\/goodhandsprojects.org\/en\/medical-camp-auf-kalangala-februar-2025\/\">Dental &amp; Medical Camp \u2013 Kalangala, February 2025<\/a>\n                    <img decoding=\"async\" width=\"2560\" height=\"1920\" src=\"https:\/\/goodhandsprojects.org\/wp-content\/uploads\/2025\/10\/IMG_4509-scaled.jpg\" class=\"attachment- size- wp-post-image\" alt=\"\" \/>\n                <\/div>\n            <\/div><header class=\"ebpg-entry-header\">\n            <h2 class=\"ebpg-entry-title\">\n                <a class=\"ebpg-grid-post-link\" href=\"https:\/\/goodhandsprojects.org\/en\/medical-camp-auf-kalangala-februar-2025\/\" title=\"Dental &amp; Medical Camp \u2013 Kalangala, February 2025\">Dental &amp; Medical Camp \u2013 Kalangala, February 2025<\/a>\n            <\/h2>\n        <\/header><div class=\"ebpg-entry-content\"><div class=\"ebpg-grid-post-excerpt\">\n            <p>...<\/p>\n        <\/div><div class=\"ebpg-readmore-btn\">\n            <a href=\"https:\/\/goodhandsprojects.org\/en\/medical-camp-auf-kalangala-februar-2025\/\"> Read More <\/a>\n        <\/div><\/div><\/div><\/div><\/article><article class=\"ebpg-grid-post ebpg-post-grid-column\" data-id=\"864\"><div class=\"ebpg-grid-post-holder\"><div class=\"ebpg-entry-wrapper\"><div class=\"ebpg-entry-media\">\n                <div class=\"ebpg-entry-thumbnail\">\n                    <a class=\"ebpg-post-link-wrapper eb-sr-only\" href=\"https:\/\/goodhandsprojects.org\/en\/kleider-und-schuhe-fuer-kinder-der-ssese-insel-kalangala-februar-2025\/\">Clothing and Shoes for Children of Ssese Island, Kalangala \u2013 February 2025<\/a>\n                    <img loading=\"lazy\" decoding=\"async\" width=\"2560\" height=\"1920\" src=\"https:\/\/goodhandsprojects.org\/wp-content\/uploads\/2025\/10\/IMG_4401-scaled.jpg\" class=\"attachment- size- wp-post-image\" alt=\"\" \/>\n                <\/div>\n            <\/div><header class=\"ebpg-entry-header\">\n            <h2 class=\"ebpg-entry-title\">\n                <a class=\"ebpg-grid-post-link\" href=\"https:\/\/goodhandsprojects.org\/en\/kleider-und-schuhe-fuer-kinder-der-ssese-insel-kalangala-februar-2025\/\" title=\"Clothing and Shoes for Children of Ssese Island, Kalangala \u2013 February 2025\">Clothing and Shoes for Children of Ssese Island, Kalangala \u2013 February 2025<\/a>\n            <\/h2>\n        <\/header><div class=\"ebpg-entry-content\"><div class=\"ebpg-grid-post-excerpt\">\n            <p>...<\/p>\n        <\/div><div class=\"ebpg-readmore-btn\">\n            <a href=\"https:\/\/goodhandsprojects.org\/en\/kleider-und-schuhe-fuer-kinder-der-ssese-insel-kalangala-februar-2025\/\"> Read More <\/a>\n        <\/div><\/div><\/div><\/div><\/article><article class=\"ebpg-grid-post ebpg-post-grid-column\" data-id=\"794\"><div class=\"ebpg-grid-post-holder\"><div class=\"ebpg-entry-wrapper\"><div class=\"ebpg-entry-media\">\n                <div class=\"ebpg-entry-thumbnail\">\n                    <a class=\"ebpg-post-link-wrapper eb-sr-only\" href=\"https:\/\/goodhandsprojects.org\/en\/dental-outreach-masaka-kabaka-foundation\/\">Dental Outreach @ Masaka Dec. 2024<\/a>\n                    <img loading=\"lazy\" decoding=\"async\" width=\"709\" height=\"473\" src=\"https:\/\/goodhandsprojects.org\/wp-content\/uploads\/2024\/12\/kaba.jpg\" class=\"attachment- size- wp-post-image\" alt=\"\" \/>\n                <\/div>\n            <\/div><header class=\"ebpg-entry-header\">\n            <h2 class=\"ebpg-entry-title\">\n                <a class=\"ebpg-grid-post-link\" href=\"https:\/\/goodhandsprojects.org\/en\/dental-outreach-masaka-kabaka-foundation\/\" title=\"Dental Outreach @ Masaka Dec. 2024\">Dental Outreach @ Masaka Dec. 2024<\/a>\n            <\/h2>\n        <\/header><div class=\"ebpg-entry-content\"><div class=\"ebpg-grid-post-excerpt\">\n            <p>...<\/p>\n        <\/div><div class=\"ebpg-readmore-btn\">\n            <a href=\"https:\/\/goodhandsprojects.org\/en\/dental-outreach-masaka-kabaka-foundation\/\"> Read More <\/a>\n        <\/div><\/div><\/div><\/div><\/article><article class=\"ebpg-grid-post ebpg-post-grid-column\" data-id=\"281\"><div class=\"ebpg-grid-post-holder\"><div class=\"ebpg-entry-wrapper\"><div class=\"ebpg-entry-media\">\n                <div class=\"ebpg-entry-thumbnail\">\n                    <a class=\"ebpg-post-link-wrapper eb-sr-only\" href=\"https:\/\/goodhandsprojects.org\/en\/dental-outreach-kalangala-x-2024\/\">Dental Outreach @ Ssese Islands \u2013 Dec. 2024<\/a>\n                    <img loading=\"lazy\" decoding=\"async\" width=\"2560\" height=\"1706\" src=\"https:\/\/goodhandsprojects.org\/wp-content\/uploads\/2024\/06\/6be65af0-6b2e-4aa0-bb7e-47b01d4ff516.jpg\" class=\"attachment- size- wp-post-image\" alt=\"\" \/>\n                <\/div>\n            <\/div><header class=\"ebpg-entry-header\">\n            <h2 class=\"ebpg-entry-title\">\n                <a class=\"ebpg-grid-post-link\" href=\"https:\/\/goodhandsprojects.org\/en\/dental-outreach-kalangala-x-2024\/\" title=\"Dental Outreach @ Ssese Insel - Dez. 2024\">Dental Outreach @ Ssese Islands \u2013 Dec. 2024<\/a>\n            <\/h2>\n        <\/header><div class=\"ebpg-entry-content\"><div class=\"ebpg-grid-post-excerpt\">\n            <p>...<\/p>\n        <\/div><div class=\"ebpg-readmore-btn\">\n            <a href=\"https:\/\/goodhandsprojects.org\/en\/dental-outreach-kalangala-x-2024\/\"> Read More <\/a>\n        <\/div><\/div><\/div><\/div><\/article><article class=\"ebpg-grid-post ebpg-post-grid-column\" data-id=\"185\"><div class=\"ebpg-grid-post-holder\"><div class=\"ebpg-entry-wrapper\"><div class=\"ebpg-entry-media\">\n                <div class=\"ebpg-entry-thumbnail\">\n                    <a class=\"ebpg-post-link-wrapper eb-sr-only\" href=\"https:\/\/goodhandsprojects.org\/en\/support-goodhands-dca-01-2024\/\">Dental Outreaches &#8211; 2024<\/a>\n                    <img loading=\"lazy\" decoding=\"async\" width=\"1701\" height=\"1276\" src=\"https:\/\/goodhandsprojects.org\/wp-content\/uploads\/2024\/06\/IMG_8180.jpg\" class=\"attachment- size- wp-post-image\" alt=\"\" \/>\n                <\/div>\n            <\/div><header class=\"ebpg-entry-header\">\n            <h2 class=\"ebpg-entry-title\">\n                <a class=\"ebpg-grid-post-link\" href=\"https:\/\/goodhandsprojects.org\/en\/support-goodhands-dca-01-2024\/\" title=\"Dental Outreaches - 2024\">Dental Outreaches &#8211; 2024<\/a>\n            <\/h2>\n        <\/header><div class=\"ebpg-entry-content\"><div class=\"ebpg-grid-post-excerpt\">\n            <p>...<\/p>\n        <\/div><div class=\"ebpg-readmore-btn\">\n            <a href=\"https:\/\/goodhandsprojects.org\/en\/support-goodhands-dca-01-2024\/\"> Read More <\/a>\n        <\/div><\/div><\/div><\/div><\/article><article class=\"ebpg-grid-post ebpg-post-grid-column\" data-id=\"183\"><div class=\"ebpg-grid-post-holder\"><div class=\"ebpg-entry-wrapper\"><div class=\"ebpg-entry-media\">\n                <div class=\"ebpg-entry-thumbnail\">\n                    <a class=\"ebpg-post-link-wrapper eb-sr-only\" href=\"https:\/\/goodhandsprojects.org\/en\/support-st-elizabeth-health-centre-jan-2024\/\">Support St.Elizabeth Health Centre Jan.2024<\/a>\n                    <img loading=\"lazy\" decoding=\"async\" width=\"640\" height=\"480\" src=\"https:\/\/goodhandsprojects.org\/wp-content\/uploads\/2024\/06\/IMG_2320.jpg\" class=\"attachment- size- wp-post-image\" alt=\"\" \/>\n                <\/div>\n            <\/div><header class=\"ebpg-entry-header\">\n            <h2 class=\"ebpg-entry-title\">\n                <a class=\"ebpg-grid-post-link\" href=\"https:\/\/goodhandsprojects.org\/en\/support-st-elizabeth-health-centre-jan-2024\/\" title=\"Support St.Elizabeth Health Centre Jan.2024\">Support St.Elizabeth Health Centre Jan.2024<\/a>\n            <\/h2>\n        <\/header><div class=\"ebpg-entry-content\"><div class=\"ebpg-grid-post-excerpt\">\n            <p>...<\/p>\n        <\/div><div class=\"ebpg-readmore-btn\">\n            <a href=\"https:\/\/goodhandsprojects.org\/en\/support-st-elizabeth-health-centre-jan-2024\/\"> Read More <\/a>\n        <\/div><\/div><\/div><\/div><\/article><article class=\"ebpg-grid-post ebpg-post-grid-column\" data-id=\"181\"><div class=\"ebpg-grid-post-holder\"><div class=\"ebpg-entry-wrapper\"><div class=\"ebpg-entry-media\">\n                <div class=\"ebpg-entry-thumbnail\">\n                    <a class=\"ebpg-post-link-wrapper eb-sr-only\" href=\"https:\/\/goodhandsprojects.org\/en\/dental-outreach-thm-jan-2024\/\">Dental Outreach @ THM Jan. 2024<\/a>\n                    <img loading=\"lazy\" decoding=\"async\" width=\"945\" height=\"709\" src=\"https:\/\/goodhandsprojects.org\/wp-content\/uploads\/2024\/07\/IMG_9426.jpg\" class=\"attachment- size- wp-post-image\" alt=\"\" \/>\n                <\/div>\n            <\/div><header class=\"ebpg-entry-header\">\n            <h2 class=\"ebpg-entry-title\">\n                <a class=\"ebpg-grid-post-link\" href=\"https:\/\/goodhandsprojects.org\/en\/dental-outreach-thm-jan-2024\/\" title=\"Dental Outreach @ THM Jan. 2024\">Dental Outreach @ THM Jan. 2024<\/a>\n            <\/h2>\n        <\/header><div class=\"ebpg-entry-content\"><div class=\"ebpg-grid-post-excerpt\">\n            <p>...<\/p>\n        <\/div><div class=\"ebpg-readmore-btn\">\n            <a href=\"https:\/\/goodhandsprojects.org\/en\/dental-outreach-thm-jan-2024\/\"> Read More <\/a>\n        <\/div><\/div><\/div><\/div><\/article><article class=\"ebpg-grid-post ebpg-post-grid-column\" data-id=\"179\"><div class=\"ebpg-grid-post-holder\"><div class=\"ebpg-entry-wrapper\"><div class=\"ebpg-entry-media\">\n                <div class=\"ebpg-entry-thumbnail\">\n                    <a class=\"ebpg-post-link-wrapper eb-sr-only\" href=\"https:\/\/goodhandsprojects.org\/en\/fertigstellung-schulgebaeude-thm-2024\/\">Completion School Building II @ THM 2024<\/a>\n                    <img loading=\"lazy\" decoding=\"async\" width=\"1280\" height=\"960\" src=\"https:\/\/goodhandsprojects.org\/wp-content\/uploads\/2024\/07\/PHOTO-2024-02-01-10-08-04.jpg\" class=\"attachment- size- wp-post-image\" alt=\"\" \/>\n                <\/div>\n            <\/div><header class=\"ebpg-entry-header\">\n            <h2 class=\"ebpg-entry-title\">\n                <a class=\"ebpg-grid-post-link\" href=\"https:\/\/goodhandsprojects.org\/en\/fertigstellung-schulgebaeude-thm-2024\/\" title=\"Completion School Building II @ THM 2024\">Completion School Building II @ THM 2024<\/a>\n            <\/h2>\n        <\/header><div class=\"ebpg-entry-content\"><div class=\"ebpg-grid-post-excerpt\">\n            <p>...<\/p>\n        <\/div><div class=\"ebpg-readmore-btn\">\n            <a href=\"https:\/\/goodhandsprojects.org\/en\/fertigstellung-schulgebaeude-thm-2024\/\"> Read More <\/a>\n        <\/div><\/div><\/div><\/div><\/article><article class=\"ebpg-grid-post ebpg-post-grid-column\" data-id=\"175\"><div class=\"ebpg-grid-post-holder\"><div class=\"ebpg-entry-wrapper\"><div class=\"ebpg-entry-media\">\n                <div class=\"ebpg-entry-thumbnail\">\n                    <a class=\"ebpg-post-link-wrapper eb-sr-only\" href=\"https:\/\/goodhandsprojects.org\/en\/bau-schul-und-mehrzweckgebaeude-thm-2018\/\">Construction of School Building THM 2019<\/a>\n                    <img loading=\"lazy\" decoding=\"async\" width=\"2016\" height=\"1512\" src=\"https:\/\/goodhandsprojects.org\/wp-content\/uploads\/2024\/08\/IMG_7813.jpg\" class=\"attachment- size- wp-post-image\" alt=\"\" \/>\n                <\/div>\n            <\/div><header class=\"ebpg-entry-header\">\n            <h2 class=\"ebpg-entry-title\">\n                <a class=\"ebpg-grid-post-link\" href=\"https:\/\/goodhandsprojects.org\/en\/bau-schul-und-mehrzweckgebaeude-thm-2018\/\" title=\"Construction of School Building THM 2019\">Construction of School Building THM 2019<\/a>\n            <\/h2>\n        <\/header><div class=\"ebpg-entry-content\"><div class=\"ebpg-grid-post-excerpt\">\n            <p>...<\/p>\n        <\/div><div class=\"ebpg-readmore-btn\">\n            <a href=\"https:\/\/goodhandsprojects.org\/en\/bau-schul-und-mehrzweckgebaeude-thm-2018\/\"> Read More <\/a>\n        <\/div><\/div><\/div><\/div><\/article><article class=\"ebpg-grid-post ebpg-post-grid-column\" data-id=\"128\"><div class=\"ebpg-grid-post-holder\"><div class=\"ebpg-entry-wrapper\"><div class=\"ebpg-entry-media\">\n                <div class=\"ebpg-entry-thumbnail\">\n                    <a class=\"ebpg-post-link-wrapper eb-sr-only\" href=\"https:\/\/goodhandsprojects.org\/en\/schulbaenke-fuer-thm-2024\/\">School Benches for THM Primary School April 2024<\/a>\n                    <img loading=\"lazy\" decoding=\"async\" width=\"1200\" height=\"1600\" src=\"https:\/\/goodhandsprojects.org\/wp-content\/uploads\/2024\/06\/PHOTO-2024-06-01-13-02-32.jpg\" class=\"attachment- size- wp-post-image\" alt=\"\" \/>\n                <\/div>\n            <\/div><header class=\"ebpg-entry-header\">\n            <h2 class=\"ebpg-entry-title\">\n                <a class=\"ebpg-grid-post-link\" href=\"https:\/\/goodhandsprojects.org\/en\/schulbaenke-fuer-thm-2024\/\" title=\"School Benches for THM Primary School April 2024\">School Benches for THM Primary School April 2024<\/a>\n            <\/h2>\n        <\/header><div class=\"ebpg-entry-content\"><div class=\"ebpg-grid-post-excerpt\">\n            <p>...<\/p>\n        <\/div><div class=\"ebpg-readmore-btn\">\n            <a href=\"https:\/\/goodhandsprojects.org\/en\/schulbaenke-fuer-thm-2024\/\"> Read More <\/a>\n        <\/div><\/div><\/div><\/div><\/article><\/div>        <\/div>\n    <\/div>\n<\/div>\n\n\n\n<p><\/p>","protected":false},"excerpt":{"rendered":"<p>Aktuelle Projekte: Abgeschlossene Projekte:<\/p>","protected":false},"author":1,"featured_media":0,"parent":0,"menu_order":0,"comment_status":"closed","ping_status":"closed","template":"","meta":{"_eb_attr":"","footnotes":""},"class_list":["post-563","page","type-page","status-publish","hentry"],"aioseo_notices":[],"_links":{"self":[{"href":"https:\/\/goodhandsprojects.org\/en\/wp-json\/wp\/v2\/pages\/563"}],"collection":[{"href":"https:\/\/goodhandsprojects.org\/en\/wp-json\/wp\/v2\/pages"}],"about":[{"href":"https:\/\/goodhandsprojects.org\/en\/wp-json\/wp\/v2\/types\/page"}],"author":[{"embeddable":true,"href":"https:\/\/goodhandsprojects.org\/en\/wp-json\/wp\/v2\/users\/1"}],"replies":[{"embeddable":true,"href":"https:\/\/goodhandsprojects.org\/en\/wp-json\/wp\/v2\/comments?post=563"}],"version-history":[{"count":45,"href":"https:\/\/goodhandsprojects.org\/en\/wp-json\/wp\/v2\/pages\/563\/revisions"}],"predecessor-version":[{"id":676,"href":"https:\/\/goodhandsprojects.org\/en\/wp-json\/wp\/v2\/pages\/563\/revisions\/676"}],"wp:attachment":[{"href":"https:\/\/goodhandsprojects.org\/en\/wp-json\/wp\/v2\/media?parent=563"}],"curies":[{"name":"wp","href":"https:\/\/api.w.org\/{rel}","templated":true}]}}