{"id":2,"date":"2024-06-01T20:32:23","date_gmt":"2024-06-01T18:32:23","guid":{"rendered":"https:\/\/goodhandsprojects.org\/?page_id=2"},"modified":"2025-12-22T19:56:34","modified_gmt":"2025-12-22T18:56:34","slug":"impact","status":"publish","type":"page","link":"https:\/\/goodhandsprojects.org\/en\/","title":{"rendered":"About us"},"content":{"rendered":"<h3 class=\"wp-block-heading\">Our Mission <\/h3>\n\n\n\n<h4 class=\"wp-block-heading\">We support people and projects in Uganda<\/h4>\n\n\n\n<p>Good Hands Projects is a nonprofit initiative dedicated to sustainable development and support in Uganda. Our mission is to improve lives on the ground over the long term through fundraising and targeted projects. Since our founding, we have focused on enabling medical aid projects, enhancing healthcare for those in need, and supporting social initiatives, such as building schools, providing school supplies, and training young people.<\/p>\n\n\n\n<h4 class=\"wp-block-heading\">Co-Creation \u2013 our collaborative development and implementation of projects<\/h4>\n\n\n\n<p>Together, we are dedicated to empowering local partner organizations in Uganda and developing sustainable solutions to local challenges. We work closely with Good Hands Dental Care Africa and Treasure Harvest Ministries to plan and implement projects effectively. Over the years, we have built strong, trust-based partnerships that provide direct access to communities and projects on the ground, allowing us to realize our initiatives with minimal overhead and maximum impact.<\/p>\n\n\n\n<p>Transparency and accountability are our top priorities. We are committed to ensuring that every donated euro is used effectively and sustainably.<\/p>\n\n\n\n<p>With your support, we can realize more projects that sustainably improve people's lives. Join our mission and make a direct impact with your donation.<\/p>\n\n\n\n<h3 class=\"wp-block-heading alignwide has-text-align-center\">Co-Create with us !<\/h3>\n\n\n\n<p class=\"has-text-align-center\"><\/p>\n\n\n\n<figure class=\"wp-block-image size-full is-resized\"><a href=\"https:\/\/gofund.me\/d9a622019\"><img fetchpriority=\"high\" decoding=\"async\" width=\"454\" height=\"136\" src=\"https:\/\/goodhandsprojects.org\/wp-content\/uploads\/2024\/08\/hier_spenden.jpg\" alt=\"\" class=\"wp-image-629\" style=\"width:167px;height:auto\" srcset=\"https:\/\/goodhandsprojects.org\/wp-content\/uploads\/2024\/08\/hier_spenden.jpg 454w, https:\/\/goodhandsprojects.org\/wp-content\/uploads\/2024\/08\/hier_spenden-300x90.jpg 300w\" sizes=\"(max-width: 454px) 100vw, 454px\" \/><\/a><\/figure>\n\n\n\n<p class=\"has-text-align-center\"><\/p>\n\n\n\n<div class=\"wp-block-columns is-layout-flex wp-container-core-columns-is-layout-1 wp-block-columns-is-layout-flex\">\n<div class=\"wp-block-column is-layout-flow wp-block-column-is-layout-flow\"><\/div>\n<\/div>\n\n\n\n<figure class=\"wp-block-image size-large\"><img decoding=\"async\" width=\"1024\" height=\"768\" src=\"https:\/\/goodhandsprojects.org\/wp-content\/uploads\/2024\/06\/IMG_2364-1-1024x768.png\" alt=\"\" class=\"wp-image-11\" srcset=\"https:\/\/goodhandsprojects.org\/wp-content\/uploads\/2024\/06\/IMG_2364-1-1024x768.png 1024w, https:\/\/goodhandsprojects.org\/wp-content\/uploads\/2024\/06\/IMG_2364-1-300x225.png 300w, https:\/\/goodhandsprojects.org\/wp-content\/uploads\/2024\/06\/IMG_2364-1-768x576.png 768w, https:\/\/goodhandsprojects.org\/wp-content\/uploads\/2024\/06\/IMG_2364-1-1536x1152.png 1536w, https:\/\/goodhandsprojects.org\/wp-content\/uploads\/2024\/06\/IMG_2364-1-2048x1536.png 2048w\" sizes=\"(max-width: 1024px) 100vw, 1024px\" \/><\/figure>\n\n\n\n<p><\/p>\n\n\n\n<blockquote class=\"wp-block-quote has-text-align-left is-layout-flow wp-block-quote-is-layout-flow\">\n<p class=\"has-text-align-left has-medium-font-size\"><em><strong>\u201eWe make a living by what we get, but we make a life by what we give.\u201c<\/strong><\/em><\/p>\n<cite>Winston Churchill<\/cite><\/blockquote>","protected":false},"excerpt":{"rendered":"<p>Was ist unsere Mission? Wir unterst\u00fctzen Menschen und Projekte in Uganda Good Hands Projects ist eine gemeinn\u00fctzige Initiative, die sich f\u00fcr nachhaltige Entwicklung und Unterst\u00fctzung [&hellip;]<\/p>","protected":false},"author":1,"featured_media":0,"parent":0,"menu_order":0,"comment_status":"closed","ping_status":"closed","template":"","meta":{"_eb_attr":"","footnotes":""},"class_list":["post-2","page","type-page","status-publish","hentry"],"aioseo_notices":[],"_links":{"self":[{"href":"https:\/\/goodhandsprojects.org\/en\/wp-json\/wp\/v2\/pages\/2"}],"collection":[{"href":"https:\/\/goodhandsprojects.org\/en\/wp-json\/wp\/v2\/pages"}],"about":[{"href":"https:\/\/goodhandsprojects.org\/en\/wp-json\/wp\/v2\/types\/page"}],"author":[{"embeddable":true,"href":"https:\/\/goodhandsprojects.org\/en\/wp-json\/wp\/v2\/users\/1"}],"replies":[{"embeddable":true,"href":"https:\/\/goodhandsprojects.org\/en\/wp-json\/wp\/v2\/comments?post=2"}],"version-history":[{"count":49,"href":"https:\/\/goodhandsprojects.org\/en\/wp-json\/wp\/v2\/pages\/2\/revisions"}],"predecessor-version":[{"id":1006,"href":"https:\/\/goodhandsprojects.org\/en\/wp-json\/wp\/v2\/pages\/2\/revisions\/1006"}],"wp:attachment":[{"href":"https:\/\/goodhandsprojects.org\/en\/wp-json\/wp\/v2\/media?parent=2"}],"curies":[{"name":"wp","href":"https:\/\/api.w.org\/{rel}","templated":true}]}}