{"id":123,"date":"2024-06-21T20:29:27","date_gmt":"2024-06-21T18:29:27","guid":{"rendered":"https:\/\/goodhandsprojects.org\/?page_id=123"},"modified":"2025-12-22T19:57:53","modified_gmt":"2025-12-22T18:57:53","slug":"spenden","status":"publish","type":"page","link":"https:\/\/goodhandsprojects.org\/en\/spenden\/","title":{"rendered":"Donate"},"content":{"rendered":"<h5 class=\"wp-block-heading\">Werde &#8222;Co-Creator&#8220; von Good Hands Projects.<\/h5>\n\n\n\n<h5 class=\"wp-block-heading\">Enable one of our upcoming projects for people in Uganda with your donation. <\/h5>\n\n\n\n<p>Choose one of the upcoming projects for your donation.<\/p>\n\n\n\n<div class=\"wp-block-group\"><div class=\"wp-block-group__inner-container is-layout-constrained wp-block-group-is-layout-constrained\"><div class=\"root-eb-post-grid-wmqkd wp-block-essential-blocks-post-grid\">\n    <div class=\"eb-parent-wrapper eb-parent-eb-post-grid-wmqkd\">\n        <div class=\"eb-post-grid-wmqkd style-5  eb-post-grid-wrapper\"\n            data-id=\"eb-post-grid-wmqkd\"\n            data-querydata=\"{&quot;source&quot;:&quot;post&quot;,&quot;sourceIndex&quot;:0,&quot;rest_base&quot;:&quot;posts&quot;,&quot;rest_namespace&quot;:&quot;wp\\\/v2&quot;,&quot;author&quot;:&quot;&quot;,&quot;taxonomies&quot;:{&quot;category&quot;:{&quot;name&quot;:&quot;Kategorien&quot;,&quot;rest_base&quot;:&quot;categories&quot;,&quot;rest_namespace&quot;:&quot;wp\\\/v2&quot;,&quot;slug&quot;:&quot;category&quot;,&quot;value&quot;:&quot;[{\\&quot;value\\&quot;:8,\\&quot;label\\&quot;:\\&quot;Fundraising\\&quot;}]&quot;}},&quot;per_page&quot;:&quot;6&quot;,&quot;offset&quot;:&quot;0&quot;,&quot;orderby&quot;:&quot;date&quot;,&quot;order&quot;:&quot;desc&quot;,&quot;include&quot;:&quot;&quot;,&quot;exclude&quot;:&quot;&quot;,&quot;exclude_current&quot;:false,&quot;exclude_password_protected&quot;:false}\"\n            data-attributes=\"{&quot;thumbnailSize&quot;:&quot;&quot;,&quot;loadMoreOptions&quot;:{&quot;enableMorePosts&quot;:false,&quot;loadMoreType&quot;:&quot;1&quot;,&quot;loadMoreButtonTxt&quot;:&quot;Load More&quot;,&quot;alignment&quot;:&quot;center&quot;,&quot;prevTxt&quot;:&quot;&lt;&quot;,&quot;nextTxt&quot;:&quot;&gt;&quot;,&quot;totalPosts&quot;:1},&quot;showSearch&quot;:false,&quot;showTaxonomyFilter&quot;:false,&quot;enableAjaxSearch&quot;:false,&quot;addIcon&quot;:false,&quot;iconPosition&quot;:&quot;left&quot;,&quot;icon&quot;:&quot;fas fa-chevron-right&quot;,&quot;preset&quot;:&quot;style-5&quot;,&quot;defaultFilter&quot;:&quot;all&quot;,&quot;version&quot;:&quot;v2&quot;,&quot;showBlockContent&quot;:true,&quot;showThumbnail&quot;:true,&quot;showTitle&quot;:true,&quot;titleLength&quot;:&quot;&quot;,&quot;titleTag&quot;:&quot;h2&quot;,&quot;showContent&quot;:false,&quot;contentLength&quot;:20,&quot;expansionIndicator&quot;:&quot;...&quot;,&quot;showReadMore&quot;:false,&quot;readmoreText&quot;:&quot;Read More&quot;,&quot;showMeta&quot;:true,&quot;headerMeta&quot;:&quot;[]&quot;,&quot;footerMeta&quot;:&quot;[{\\&quot;label\\&quot;:\\&quot;Kategorien\\&quot;,\\&quot;value\\&quot;:\\&quot;category\\&quot;}]&quot;,&quot;authorPrefix&quot;:&quot;by&quot;,&quot;datePrefix&quot;:&quot;on&quot;}\">\n\n            \n\n            <div class=\"eb-post-grid-posts-wrapper\"><article class=\"ebpg-grid-post ebpg-post-grid-column\" data-id=\"851\"><div class=\"ebpg-grid-post-holder\"><a class=\"ebpg-post-link-wrapper eb-sr-only\" href=\"https:\/\/goodhandsprojects.org\/en\/laecheln-schenken-spende-fuer-neue-projekte-2026\/\">Creating Smiles \u2013 Our 2026 Projects!<\/a><div class=\"ebpg-entry-media\">\n                <div class=\"ebpg-entry-thumbnail\">\n                    \n                    <img fetchpriority=\"high\" decoding=\"async\" width=\"1080\" height=\"810\" src=\"https:\/\/goodhandsprojects.org\/wp-content\/uploads\/2024\/12\/359d0b1d-6bc8-4b7f-9cff-eee37a492282.jpg\" class=\"attachment- size- wp-post-image\" alt=\"\" \/>\n                <\/div>\n            <\/div><div class=\"ebpg-entry-wrapper\"><header class=\"ebpg-entry-header\">\n            <h2 class=\"ebpg-entry-title\">\n                <a class=\"ebpg-grid-post-link\" href=\"https:\/\/goodhandsprojects.org\/en\/laecheln-schenken-spende-fuer-neue-projekte-2026\/\" title=\"L\u00e4cheln schenken - Neue Projekte 2026  !\">Creating Smiles \u2013 Our 2026 Projects!<\/a>\n            <\/h2>\n        <\/header><div class=\"ebpg-entry-meta ebpg-header-meta\"><div class=\"ebpg-entry-meta-items\"><\/div><\/div><div class=\"ebpg-entry-meta ebpg-footer-meta\"><div class=\"ebpg-entry-meta-items\"><div class=\"ebpg-meta ebpg-categories-meta\"><a href=\"https:\/\/goodhandsprojects.org\/en\/category\/fundraising\/\" title=\"Fundraising\">Fundraising<\/a><\/div><\/div><\/div><\/div><\/div><\/article><\/div>        <\/div>\n    <\/div>\n<\/div>\n<\/div><\/div>\n\n\n\n<hr class=\"wp-block-separator has-alpha-channel-opacity\"\/>\n\n\n\n<figure class=\"wp-block-image size-full is-resized\"><a href=\"https:\/\/gofund.me\/d9a622019\"><img decoding=\"async\" width=\"454\" height=\"136\" src=\"https:\/\/goodhandsprojects.org\/wp-content\/uploads\/2024\/08\/hier_spenden.jpg\" alt=\"\" class=\"wp-image-629\" style=\"width:167px;height:auto\" srcset=\"https:\/\/goodhandsprojects.org\/wp-content\/uploads\/2024\/08\/hier_spenden.jpg 454w, https:\/\/goodhandsprojects.org\/wp-content\/uploads\/2024\/08\/hier_spenden-300x90.jpg 300w\" sizes=\"(max-width: 454px) 100vw, 454px\" \/><\/a><\/figure>\n\n\n\n<p><\/p>","protected":false},"excerpt":{"rendered":"<p>Werde &#8222;Co-Creator&#8220; von Good Hands Projects. Erm\u00f6gliche mit Deiner Spende eines unserer n\u00e4chsten Projekte f\u00fcr Menschen in Uganda. W\u00e4hle eines der bevorstehenden Projekte f\u00fcr Deine [&hellip;]<\/p>","protected":false},"author":1,"featured_media":0,"parent":0,"menu_order":0,"comment_status":"closed","ping_status":"closed","template":"","meta":{"_eb_attr":"","footnotes":""},"class_list":["post-123","page","type-page","status-publish","hentry"],"aioseo_notices":[],"_links":{"self":[{"href":"https:\/\/goodhandsprojects.org\/en\/wp-json\/wp\/v2\/pages\/123"}],"collection":[{"href":"https:\/\/goodhandsprojects.org\/en\/wp-json\/wp\/v2\/pages"}],"about":[{"href":"https:\/\/goodhandsprojects.org\/en\/wp-json\/wp\/v2\/types\/page"}],"author":[{"embeddable":true,"href":"https:\/\/goodhandsprojects.org\/en\/wp-json\/wp\/v2\/users\/1"}],"replies":[{"embeddable":true,"href":"https:\/\/goodhandsprojects.org\/en\/wp-json\/wp\/v2\/comments?post=123"}],"version-history":[{"count":32,"href":"https:\/\/goodhandsprojects.org\/en\/wp-json\/wp\/v2\/pages\/123\/revisions"}],"predecessor-version":[{"id":1007,"href":"https:\/\/goodhandsprojects.org\/en\/wp-json\/wp\/v2\/pages\/123\/revisions\/1007"}],"wp:attachment":[{"href":"https:\/\/goodhandsprojects.org\/en\/wp-json\/wp\/v2\/media?parent=123"}],"curies":[{"name":"wp","href":"https:\/\/api.w.org\/{rel}","templated":true}]}}